{"id":25429,"date":"2022-04-11T12:50:32","date_gmt":"2022-04-11T15:50:32","guid":{"rendered":"https:\/\/sindace.org.br\/?page_id=25429"},"modified":"2022-08-01T18:36:42","modified_gmt":"2022-08-01T21:36:42","slug":"valorizacao-2","status":"publish","type":"page","link":"https:\/\/sindace.org.br\/index.php\/valorizacao-2\/","title":{"rendered":"Valoriza\u00e7\u00e3o"},"content":{"rendered":"\t\t<div data-elementor-type=\"wp-page\" data-elementor-id=\"25429\" class=\"elementor elementor-25429\">\n\t\t\t\t\t\t<section class=\"elementor-section elementor-inner-section elementor-element elementor-element-3c28ca0b elementor-section-full_width elementor-section-height-default elementor-section-height-default\" data-id=\"3c28ca0b\" data-element_type=\"section\" data-e-type=\"section\" id=\"valorizacao\" data-settings=\"{&quot;shape_divider_top&quot;:&quot;waves&quot;,&quot;animation&quot;:&quot;none&quot;}\">\n\t\t\t\t\t\t\t<div class=\"elementor-background-overlay\"><\/div>\n\t\t\t\t\t\t<div class=\"elementor-shape elementor-shape-top\" aria-hidden=\"true\" data-negative=\"false\">\n\t\t\t<svg xmlns=\"http:\/\/www.w3.org\/2000\/svg\" viewBox=\"0 0 1000 100\" preserveAspectRatio=\"none\">\n\t<path class=\"elementor-shape-fill\" d=\"M421.9,6.5c22.6-2.5,51.5,0.4,75.5,5.3c23.6,4.9,70.9,23.5,100.5,35.7c75.8,32.2,133.7,44.5,192.6,49.7\n\tc23.6,2.1,48.7,3.5,103.4-2.5c54.7-6,106.2-25.6,106.2-25.6V0H0v30.3c0,0,72,32.6,158.4,30.5c39.2-0.7,92.8-6.7,134-22.4\n\tc21.2-8.1,52.2-18.2,79.7-24.2C399.3,7.9,411.6,7.5,421.9,6.5z\"\/>\n<\/svg>\t\t<\/div>\n\t\t\t\t\t<div class=\"elementor-container elementor-column-gap-default\">\n\t\t\t\t\t<div class=\"elementor-column elementor-col-100 elementor-inner-column elementor-element elementor-element-1d3e7d50\" data-id=\"1d3e7d50\" data-element_type=\"column\" data-e-type=\"column\" data-settings=\"{&quot;background_background&quot;:&quot;classic&quot;,&quot;animation&quot;:&quot;none&quot;}\">\n\t\t\t<div class=\"elementor-widget-wrap elementor-element-populated\">\n\t\t\t\t\t<div class=\"elementor-background-overlay\"><\/div>\n\t\t\t\t\t\t<div class=\"elementor-element elementor-element-fbb77fe elementor-widget elementor-widget-heading\" data-id=\"fbb77fe\" data-element_type=\"widget\" data-e-type=\"widget\" data-widget_type=\"heading.default\">\n\t\t\t\t<div class=\"elementor-widget-container\">\n\t\t\t\t\t<h1 class=\"elementor-heading-title elementor-size-default\">MEDALHA FENAMAR <\/h1>\t\t\t\t<\/div>\n\t\t\t\t<\/div>\n\t\t\t\t<div class=\"elementor-element elementor-element-fa7aad7 elementor-widget elementor-widget-image\" data-id=\"fa7aad7\" data-element_type=\"widget\" data-e-type=\"widget\" data-widget_type=\"image.default\">\n\t\t\t\t<div class=\"elementor-widget-container\">\n\t\t\t\t\t\t\t\t\t\t\t\t\t\t\t<img fetchpriority=\"high\" decoding=\"async\" width=\"390\" height=\"391\" src=\"https:\/\/sindace.org.br\/wp-content\/uploads\/2022\/04\/medalha.png\" class=\"attachment-large size-large wp-image-25437\" alt=\"\" srcset=\"https:\/\/sindace.org.br\/wp-content\/uploads\/2022\/04\/medalha.png 390w, https:\/\/sindace.org.br\/wp-content\/uploads\/2022\/04\/medalha-300x300.png 300w, https:\/\/sindace.org.br\/wp-content\/uploads\/2022\/04\/medalha-150x150.png 150w, https:\/\/sindace.org.br\/wp-content\/uploads\/2022\/04\/medalha-45x45.png 45w, https:\/\/sindace.org.br\/wp-content\/uploads\/2022\/04\/medalha-100x100.png 100w\" sizes=\"(max-width: 390px) 100vw, 390px\" \/>\t\t\t\t\t\t\t\t\t\t\t\t\t\t\t<\/div>\n\t\t\t\t<\/div>\n\t\t\t\t<div class=\"elementor-element elementor-element-cfd24a3 elementor-widget elementor-widget-text-editor\" data-id=\"cfd24a3\" data-element_type=\"widget\" data-e-type=\"widget\" data-widget_type=\"text-editor.default\">\n\t\t\t\t<div class=\"elementor-widget-container\">\n\t\t\t\t\t\t\t\t\t<p><span data-contrast=\"none\">A Medalha do M\u00e9rito Nacional do Agenciamento Mar\u00edtimo \u00e9 uma ins\u00edgnia de ordem honor\u00edfica concedida pela FENAMAR, destinada a homenagear pessoas que tenham prestado relevantes servi\u00e7os ao Setor de Transporte e ao Agenciamento Mar\u00edtimo Brasileiro.<\/span><span data-ccp-props=\"{&quot;201341983&quot;:0,&quot;335559739&quot;:360,&quot;335559740&quot;:240}\">\u00a0<\/span><\/p>\t\t\t\t\t\t\t\t<\/div>\n\t\t\t\t<\/div>\n\t\t\t\t<div class=\"elementor-element elementor-element-b6101bc elementor-widget elementor-widget-image\" data-id=\"b6101bc\" data-element_type=\"widget\" data-e-type=\"widget\" data-widget_type=\"image.default\">\n\t\t\t\t<div class=\"elementor-widget-container\">\n\t\t\t\t\t\t\t\t\t\t\t\t\t\t\t<img decoding=\"async\" width=\"182\" height=\"184\" src=\"https:\/\/sindace.org.br\/wp-content\/uploads\/2022\/04\/selo-2.png\" class=\"attachment-large size-large wp-image-25438\" alt=\"\" srcset=\"https:\/\/sindace.org.br\/wp-content\/uploads\/2022\/04\/selo-2.png 182w, https:\/\/sindace.org.br\/wp-content\/uploads\/2022\/04\/selo-2-45x45.png 45w, https:\/\/sindace.org.br\/wp-content\/uploads\/2022\/04\/selo-2-100x100.png 100w\" sizes=\"(max-width: 182px) 100vw, 182px\" \/>\t\t\t\t\t\t\t\t\t\t\t\t\t\t\t<\/div>\n\t\t\t\t<\/div>\n\t\t\t\t<div class=\"elementor-element elementor-element-072da9a elementor-widget elementor-widget-heading\" data-id=\"072da9a\" data-element_type=\"widget\" data-e-type=\"widget\" data-widget_type=\"heading.default\">\n\t\t\t\t<div class=\"elementor-widget-container\">\n\t\t\t\t\t<h1 class=\"elementor-heading-title elementor-size-default\">SELO DE QUALIDADE FENAMAR <\/h1>\t\t\t\t<\/div>\n\t\t\t\t<\/div>\n\t\t\t\t<div class=\"elementor-element elementor-element-857c4bf elementor-widget elementor-widget-image\" data-id=\"857c4bf\" data-element_type=\"widget\" data-e-type=\"widget\" data-widget_type=\"image.default\">\n\t\t\t\t<div class=\"elementor-widget-container\">\n\t\t\t\t\t\t\t\t\t\t\t\t\t\t\t<img decoding=\"async\" width=\"493\" height=\"240\" src=\"https:\/\/sindace.org.br\/wp-content\/uploads\/2022\/04\/Selos.png\" class=\"attachment-large size-large wp-image-25436\" alt=\"\" srcset=\"https:\/\/sindace.org.br\/wp-content\/uploads\/2022\/04\/Selos.png 493w, https:\/\/sindace.org.br\/wp-content\/uploads\/2022\/04\/Selos-300x146.png 300w\" sizes=\"(max-width: 493px) 100vw, 493px\" \/>\t\t\t\t\t\t\t\t\t\t\t\t\t\t\t<\/div>\n\t\t\t\t<\/div>\n\t\t\t\t<div class=\"elementor-element elementor-element-ef882ae elementor-widget elementor-widget-text-editor\" data-id=\"ef882ae\" data-element_type=\"widget\" data-e-type=\"widget\" data-widget_type=\"text-editor.default\">\n\t\t\t\t<div class=\"elementor-widget-container\">\n\t\t\t\t\t\t\t\t\t<p><span data-contrast=\"none\">O Selo de Qualidade FENAMAR estabelece uma Certifica\u00e7\u00e3o emitida e entregue pela Federa\u00e7\u00e3o Nacional das Ag\u00eancias de Navega\u00e7\u00e3o Mar\u00edtima (FENAMAR) \u00e0s empresas associadas aos Sindicatos locais, que visa atestar a efici\u00eancia e a credibilidade das Ag\u00eancias Mar\u00edtimas de todo o pa\u00eds.<\/span><br \/><span data-contrast=\"none\">Seus principais objetivos s\u00e3o:<\/span><span data-ccp-props=\"{&quot;134233117&quot;:true,&quot;134233118&quot;:true,&quot;201341983&quot;:0,&quot;335559739&quot;:160,&quot;335559740&quot;:240}\">\u00a0<\/span><\/p><ol><li><span data-contrast=\"none\">Elevar o n\u00edvel do conduta \u00e9tica e profissional praticada pelos Agentes Mar\u00edtimos;<\/span><span data-ccp-props=\"{&quot;134233117&quot;:true,&quot;134233118&quot;:true,&quot;201341983&quot;:0,&quot;335559739&quot;:160,&quot;335559740&quot;:240}\">\u00a0<\/span><\/li><li><span data-contrast=\"none\">Difundir um n\u00edvel adequado de conhecimento profissional e experi\u00eancia, essenciais para a execu\u00e7\u00e3o eficiente na presta\u00e7\u00e3o de servi\u00e7os;<\/span><\/li><li><span data-contrast=\"none\">Encorajar os Agentes a ser tornarem empresas s\u00f3lidas atrav\u00e9s de boas pr\u00e1ticas financeiras;<\/span><span data-ccp-props=\"{&quot;134233117&quot;:true,&quot;134233118&quot;:true,&quot;201341983&quot;:0,&quot;335559739&quot;:160,&quot;335559740&quot;:240}\">\u00a0<\/span><\/li><li><span data-contrast=\"none\">Contribuir no combate \u00e0s fraudes;<\/span><span data-ccp-props=\"{&quot;134233117&quot;:true,&quot;134233118&quot;:true,&quot;201341983&quot;:0,&quot;335559739&quot;:160,&quot;335559740&quot;:240}\">\u00a0<\/span><\/li><li><span data-contrast=\"none\">Providenciar linhas de conduta para que as entidades do setor tenham condi\u00e7\u00f5es de aplicar e manter normas em prol do fortalecimento do sistema de Agenciamento Mar\u00edtimo.<\/span><span data-ccp-props=\"{&quot;201341983&quot;:0,&quot;335559739&quot;:160,&quot;335559740&quot;:240}\">\u00a0<\/span><\/li><\/ol>\t\t\t\t\t\t\t\t<\/div>\n\t\t\t\t<\/div>\n\t\t\t\t<div class=\"elementor-element elementor-element-2e72842 elementor-widget elementor-widget-heading\" data-id=\"2e72842\" data-element_type=\"widget\" data-e-type=\"widget\" data-widget_type=\"heading.default\">\n\t\t\t\t<div class=\"elementor-widget-container\">\n\t\t\t\t\t<h1 class=\"elementor-heading-title elementor-size-default\">DIA NACIONAL DO AGENTE MAR\u00cdTIMO <\/h1>\t\t\t\t<\/div>\n\t\t\t\t<\/div>\n\t\t\t\t<div class=\"elementor-element elementor-element-6eae292 elementor-widget elementor-widget-text-editor\" data-id=\"6eae292\" data-element_type=\"widget\" data-e-type=\"widget\" data-widget_type=\"text-editor.default\">\n\t\t\t\t<div class=\"elementor-widget-container\">\n\t\t\t\t\t\t\t\t\t<p><span data-contrast=\"none\">Institu\u00eddo pela Lei n\u00ba 11.791, de 02 de outubro de 2008 o dia 23 de Junho \u00e9 dedicado ao Agente Mar\u00edtimo.<\/span><span data-ccp-props=\"{&quot;134233117&quot;:true,&quot;134233118&quot;:true,&quot;201341983&quot;:0,&quot;335559739&quot;:160,&quot;335559740&quot;:240}\">\u00a0<\/span><\/p><p><span data-contrast=\"none\">A atividade do agenciamento mar\u00edtimo existe desde os prim\u00f3rdios da hist\u00f3ria, quando se instituiu o com\u00e9rcio mar\u00edtimo.<\/span><span data-ccp-props=\"{&quot;134233117&quot;:true,&quot;134233118&quot;:true,&quot;201341983&quot;:0,&quot;335559739&quot;:160,&quot;335559740&quot;:240}\">\u00a0<\/span><\/p><p><span data-contrast=\"none\">O agente representa um elo essencial na cadeia de comunica\u00e7\u00e3o entre os diversos profissionais que interagem com o navio quando ele chega a um porto nacional, pois \u00e9 por meio de um agente que o navio recebe as orienta\u00e7\u00f5es legais para atracar no porto e tamb\u00e9m para descarregar as mercadorias.<\/span><span data-ccp-props=\"{&quot;201341983&quot;:0,&quot;335559739&quot;:360,&quot;335559740&quot;:240}\">\u00a0<\/span><\/p>\t\t\t\t\t\t\t\t<\/div>\n\t\t\t\t<\/div>\n\t\t\t\t<div class=\"elementor-element elementor-element-a3bb1f1 elementor-widget elementor-widget-heading\" data-id=\"a3bb1f1\" data-element_type=\"widget\" data-e-type=\"widget\" data-widget_type=\"heading.default\">\n\t\t\t\t<div class=\"elementor-widget-container\">\n\t\t\t\t\t<h2 class=\"elementor-heading-title elementor-size-default\">DIA ESTADUAL DO OPERADOR PORTU\u00c1RIO (23 DE FEVEREIRO) <\/h2>\t\t\t\t<\/div>\n\t\t\t\t<\/div>\n\t\t\t\t<div class=\"elementor-element elementor-element-9e224c8 elementor-widget elementor-widget-text-editor\" data-id=\"9e224c8\" data-element_type=\"widget\" data-e-type=\"widget\" data-widget_type=\"text-editor.default\">\n\t\t\t\t<div class=\"elementor-widget-container\">\n\t\t\t\t\t\t\t\t\t<p><span data-contrast=\"none\">Para homenagear os profissionais que atuam nas atividades portu\u00e1rias no Cear\u00e1, foi aprovado na Assembleia Legislativa do Estado do Cear\u00e1, projeto de lei que prev\u00ea a data 23 de fevereiro como celebra\u00e7\u00e3o estadual ao dia do Operador Portu\u00e1rio. O reconhecimento \u00e0 categoria foi uma iniciativa da deputada Rachel Marques (PT).<\/span><span data-ccp-props=\"{&quot;134233117&quot;:true,&quot;134233118&quot;:true,&quot;201341983&quot;:0,&quot;335551550&quot;:2,&quot;335551620&quot;:2,&quot;335559739&quot;:160,&quot;335559740&quot;:240}\">\u00a0<\/span><\/p><p><span data-contrast=\"none\">Os Operadores Portu\u00e1rios s\u00e3o merecedores desta homenagem em fun\u00e7\u00e3o de sua import\u00e2ncia na cadeia log\u00edstica regional, nacional e global e seu papel de destaque na contribui\u00e7\u00e3o para o desenvolvimento do estado do Cear\u00e1.<\/span><span data-ccp-props=\"{&quot;201341983&quot;:0,&quot;335551550&quot;:2,&quot;335551620&quot;:2,&quot;335559739&quot;:360,&quot;335559740&quot;:240}\">\u00a0<\/span><\/p>\t\t\t\t\t\t\t\t<\/div>\n\t\t\t\t<\/div>\n\t\t\t\t<div class=\"elementor-element elementor-element-6f34b86 elementor-widget elementor-widget-image\" data-id=\"6f34b86\" data-element_type=\"widget\" data-e-type=\"widget\" data-widget_type=\"image.default\">\n\t\t\t\t<div class=\"elementor-widget-container\">\n\t\t\t\t\t\t\t\t\t\t\t\t\t\t\t<img loading=\"lazy\" decoding=\"async\" width=\"448\" height=\"372\" src=\"https:\/\/sindace.org.br\/wp-content\/uploads\/2022\/04\/doc.png\" class=\"attachment-large size-large wp-image-25439\" alt=\"\" srcset=\"https:\/\/sindace.org.br\/wp-content\/uploads\/2022\/04\/doc.png 448w, https:\/\/sindace.org.br\/wp-content\/uploads\/2022\/04\/doc-300x249.png 300w\" sizes=\"(max-width: 448px) 100vw, 448px\" \/>\t\t\t\t\t\t\t\t\t\t\t\t\t\t\t<\/div>\n\t\t\t\t<\/div>\n\t\t\t\t\t<\/div>\n\t\t<\/div>\n\t\t\t\t\t<\/div>\n\t\t<\/section>\n\t\t\t\t<\/div>\n\t\t","protected":false},"excerpt":{"rendered":"<p>MEDALHA FENAMAR A Medalha do M\u00e9rito Nacional do Agenciamento Mar\u00edtimo \u00e9 uma ins\u00edgnia de ordem honor\u00edfica concedida pela FENAMAR, destinada a homenagear pessoas que tenham prestado relevantes servi\u00e7os ao Setor de Transporte e ao Agenciamento Mar\u00edtimo Brasileiro.\u00a0 SELO DE QUALIDADE FENAMAR O Selo de Qualidade FENAMAR estabelece uma Certifica\u00e7\u00e3o emitida e entregue pela Federa\u00e7\u00e3o Nacional [&hellip;]<\/p>\n","protected":false},"author":1,"featured_media":0,"parent":0,"menu_order":0,"comment_status":"closed","ping_status":"closed","template":"","meta":{"site-sidebar-layout":"no-sidebar","site-content-layout":"page-builder","ast-site-content-layout":"","site-content-style":"default","site-sidebar-style":"default","ast-global-header-display":"","ast-banner-title-visibility":"","ast-main-header-display":"","ast-hfb-above-header-display":"","ast-hfb-below-header-display":"","ast-hfb-mobile-header-display":"","site-post-title":"disabled","ast-breadcrumbs-content":"","ast-featured-img":"disabled","footer-sml-layout":"","theme-transparent-header-meta":"","adv-header-id-meta":"","stick-header-meta":"","header-above-stick-meta":"","header-main-stick-meta":"","header-below-stick-meta":"","astra-migrate-meta-layouts":"default","ast-page-background-enabled":"default","ast-page-background-meta":{"desktop":{"background-color":"","background-image":"","background-repeat":"repeat","background-position":"center center","background-size":"auto","background-attachment":"scroll","background-type":"","background-media":"","overlay-type":"","overlay-color":"","overlay-opacity":"","overlay-gradient":""},"tablet":{"background-color":"","background-image":"","background-repeat":"repeat","background-position":"center center","background-size":"auto","background-attachment":"scroll","background-type":"","background-media":"","overlay-type":"","overlay-color":"","overlay-opacity":"","overlay-gradient":""},"mobile":{"background-color":"","background-image":"","background-repeat":"repeat","background-position":"center center","background-size":"auto","background-attachment":"scroll","background-type":"","background-media":"","overlay-type":"","overlay-color":"","overlay-opacity":"","overlay-gradient":""}},"ast-content-background-meta":{"desktop":{"background-color":"var(--ast-global-color-5)","background-image":"","background-repeat":"repeat","background-position":"center center","background-size":"auto","background-attachment":"scroll","background-type":"","background-media":"","overlay-type":"","overlay-color":"","overlay-opacity":"","overlay-gradient":""},"tablet":{"background-color":"var(--ast-global-color-5)","background-image":"","background-repeat":"repeat","background-position":"center center","background-size":"auto","background-attachment":"scroll","background-type":"","background-media":"","overlay-type":"","overlay-color":"","overlay-opacity":"","overlay-gradient":""},"mobile":{"background-color":"var(--ast-global-color-5)","background-image":"","background-repeat":"repeat","background-position":"center center","background-size":"auto","background-attachment":"scroll","background-type":"","background-media":"","overlay-type":"","overlay-color":"","overlay-opacity":"","overlay-gradient":""}},"footnotes":""},"class_list":["post-25429","page","type-page","status-publish","hentry"],"_links":{"self":[{"href":"https:\/\/sindace.org.br\/index.php\/wp-json\/wp\/v2\/pages\/25429","targetHints":{"allow":["GET"]}}],"collection":[{"href":"https:\/\/sindace.org.br\/index.php\/wp-json\/wp\/v2\/pages"}],"about":[{"href":"https:\/\/sindace.org.br\/index.php\/wp-json\/wp\/v2\/types\/page"}],"author":[{"embeddable":true,"href":"https:\/\/sindace.org.br\/index.php\/wp-json\/wp\/v2\/users\/1"}],"replies":[{"embeddable":true,"href":"https:\/\/sindace.org.br\/index.php\/wp-json\/wp\/v2\/comments?post=25429"}],"version-history":[{"count":32,"href":"https:\/\/sindace.org.br\/index.php\/wp-json\/wp\/v2\/pages\/25429\/revisions"}],"predecessor-version":[{"id":25916,"href":"https:\/\/sindace.org.br\/index.php\/wp-json\/wp\/v2\/pages\/25429\/revisions\/25916"}],"wp:attachment":[{"href":"https:\/\/sindace.org.br\/index.php\/wp-json\/wp\/v2\/media?parent=25429"}],"curies":[{"name":"wp","href":"https:\/\/api.w.org\/{rel}","templated":true}]}}